{"id":98,"date":"2018-03-19T13:06:11","date_gmt":"2018-03-19T13:06:11","guid":{"rendered":"http:\/\/localhost\/torola\/?page_id=98"},"modified":"2024-09-19T18:37:34","modified_gmt":"2024-09-19T16:37:34","slug":"contact-me","status":"publish","type":"page","link":"https:\/\/martinencina.com\/index.php\/contact-me\/","title":{"rendered":"Contacto"},"content":{"rendered":"<p>[vc_row][vc_column]<section class=\"hero-min-fullscreen flex-center py-8 px-5\">\n\n    \t\t\t<div class=\"container p-0\">\n    \t\t\t\t<div class=\"row no-gutters flex-center\">\n\n    \t\t\t\t\t<div class=\"col-md-6 align-self-start\" data-animation=\"fade-in-left 1s .2s\"><img src=\"https:\/\/martinencina.com\/wp-content\/uploads\/2022\/05\/PIOLA_PERFIL_BW_13-scaled.jpeg\" class=\"radius-1 shadow-1\" alt=\"Contacto\" \/><\/div>\n\n    \t\t\t\t\t<div class=\"col-md-6 px-0 px-md-5 px-lg-7\" data-animation=\"fade-in-left 1s .4s\">\n    \t\t\t\t\t\t<h3 class=\"bold\">Vide\u00f3grafo &amp; Director de Fotograf\u00eda<\/h3>\n                            <p class=\"small mb-5\" id=\"desde-barcelona\">Barcelona, Espa\u00f1a<\/p>\n    \t\t\t\t\t\t<hr class=\"separator-left\">\n    \t\t\t\t\t\t<p>En mi infancia descubr\u00ed mi pasi\u00f3n hacia el cine. Siguiendo mis sue\u00f1os, estudi\u00e9 la carrera de Dise\u00f1o de Imagen y Sonido en la UBA, Argentina, donde desarroll\u00e9 mis conocimientos en el mundo del cine, como tambi\u00e9n mis habilidades en el departamento de fotograf\u00eda. Mis conocimientos t\u00e9cnicos me otorgan un perfil vers\u00e1til, flexible y autosuficiente para los diferentes formatos y lenguajes audiovisuales. Hoy trabajo en proyectos de distintas \u00edndoles, principalmente en publicidad, videoclips y ficci\u00f3n, aprovechando cada oportunidad para conocer nuevos desaf\u00edos y universos creativos.<\/p>\n\n    \t\t\t\t\t\t<p class=\"small serif text-links mt-5\"><a href=\"mailto:dop@martinencina.com\" target=\"_blank\">dop@martinencina.com<\/a><a href=\"https:\/\/wa.me\/0034624248819\" target=\"_blank\">+34 624 24 88 19<\/a><\/p><\/div>\n\n    \t\t\t\t<\/div>\n    \t\t\t<\/div>\n    \t\t<\/section>[\/vc_column][\/vc_row]<\/p>\n","protected":false},"excerpt":{"rendered":"<p>[vc_row][vc_column][\/vc_column][\/vc_row]<\/p>\n","protected":false},"author":1,"featured_media":0,"parent":0,"menu_order":0,"comment_status":"closed","ping_status":"closed","template":"template-normal.php","meta":[],"_links":{"self":[{"href":"https:\/\/martinencina.com\/index.php\/wp-json\/wp\/v2\/pages\/98"}],"collection":[{"href":"https:\/\/martinencina.com\/index.php\/wp-json\/wp\/v2\/pages"}],"about":[{"href":"https:\/\/martinencina.com\/index.php\/wp-json\/wp\/v2\/types\/page"}],"author":[{"embeddable":true,"href":"https:\/\/martinencina.com\/index.php\/wp-json\/wp\/v2\/users\/1"}],"replies":[{"embeddable":true,"href":"https:\/\/martinencina.com\/index.php\/wp-json\/wp\/v2\/comments?post=98"}],"version-history":[{"count":27,"href":"https:\/\/martinencina.com\/index.php\/wp-json\/wp\/v2\/pages\/98\/revisions"}],"predecessor-version":[{"id":1161,"href":"https:\/\/martinencina.com\/index.php\/wp-json\/wp\/v2\/pages\/98\/revisions\/1161"}],"wp:attachment":[{"href":"https:\/\/martinencina.com\/index.php\/wp-json\/wp\/v2\/media?parent=98"}],"curies":[{"name":"wp","href":"https:\/\/api.w.org\/{rel}","templated":true}]}}